{"id":11,"date":"2019-05-10T23:28:54","date_gmt":"2019-05-10T23:28:54","guid":{"rendered":"https:\/\/gpsites.co\/arctic\/?page_id=11"},"modified":"2025-04-23T00:03:28","modified_gmt":"2025-04-22T22:03:28","slug":"startsida","status":"publish","type":"page","link":"https:\/\/www.sverige360.se\/","title":{"rendered":"Se Sverige i 360 grader"},"content":{"rendered":"\n<h2 class=\"wp-block-heading has-text-align-center\">Se Sverige i 360 grader<\/h2>\n\n\n\n<p class=\"has-text-align-center\">H\u00e4r samlas de olika 360-gradersbilder som jag tagit runt om i Sverige.<\/p>\n\n\n\n<p class=\"has-text-align-center\">Ambitionen med sidan \u00e4r st\u00f6rre \u00e4n denna enkla lista, framtiden f\u00e5r utvisa resultatet.<\/p>\n\n\n<div class=\"gb-container gb-container-6c377025\">\n<div class=\"gb-container gb-container-6cbc1c67\">\n<div class=\"gb-container gb-container-67440f3b\">\n\n<figure class=\"wp-block-image size-medium is-resized\"><img loading=\"lazy\" decoding=\"async\" width=\"300\" height=\"180\" src=\"https:\/\/www.sverige360.se\/wp-content\/uploads\/2024\/07\/Skarmavbild-2024-07-13-kl.-11.51.55-300x180.png\" alt=\"\" class=\"wp-image-446\" style=\"width:333px;height:auto\" srcset=\"https:\/\/www.sverige360.se\/wp-content\/uploads\/2024\/07\/Skarmavbild-2024-07-13-kl.-11.51.55-300x180.png 300w, https:\/\/www.sverige360.se\/wp-content\/uploads\/2024\/07\/Skarmavbild-2024-07-13-kl.-11.51.55-768x461.png 768w, https:\/\/www.sverige360.se\/wp-content\/uploads\/2024\/07\/Skarmavbild-2024-07-13-kl.-11.51.55.png 1000w\" sizes=\"auto, (max-width: 300px) 100vw, 300px\" \/><\/figure>\n\n\n\n<h2 class=\"wp-block-heading has-text-align-center has-large-font-size\"><a href=\"https:\/\/media.sverige360.se\/ljusdal\/\" data-type=\"link\" data-id=\"https:\/\/media.sverige360.se\/ljusdal\/\">Ljusdal<\/a><\/h2>\n\n\n\n<p>2023<\/p>\n\n<\/div>\n<\/div>\n\n<div class=\"gb-container gb-container-a7758764\">\n<div class=\"gb-container gb-container-84d8ce35\">\n\n<figure class=\"wp-block-image size-full\"><img loading=\"lazy\" decoding=\"async\" width=\"1000\" height=\"600\" src=\"https:\/\/www.sverige360.se\/wp-content\/uploads\/2024\/07\/Skarmavbild-2024-07-13-kl.-12.05.20-e1720865253203.png\" alt=\"\" class=\"wp-image-454\" srcset=\"https:\/\/www.sverige360.se\/wp-content\/uploads\/2024\/07\/Skarmavbild-2024-07-13-kl.-12.05.20-e1720865253203.png 1000w, https:\/\/www.sverige360.se\/wp-content\/uploads\/2024\/07\/Skarmavbild-2024-07-13-kl.-12.05.20-e1720865253203-300x180.png 300w, https:\/\/www.sverige360.se\/wp-content\/uploads\/2024\/07\/Skarmavbild-2024-07-13-kl.-12.05.20-e1720865253203-768x461.png 768w\" sizes=\"auto, (max-width: 1000px) 100vw, 1000px\" \/><\/figure>\n\n\n\n<h2 class=\"wp-block-heading has-text-align-center has-large-font-size\"><a href=\"http:\/\/media.spillersbodaflygfoto.se\/360\/eskilstuna\/norr\/221203\/\" data-type=\"link\" data-id=\"https:\/\/media.sverige360.se\/ljusdal\/\">Eskilstuna<\/a><\/h2>\n\n\n\n<p>2019 \/ 2022<\/p>\n\n<\/div>\n<\/div>\n<\/div>\n\n\n<p><\/p>\n","protected":false},"excerpt":{"rendered":"<p>Se Sverige i 360 grader H\u00e4r samlas de olika 360-gradersbilder som jag tagit runt om i Sverige. Ambitionen med sidan \u00e4r st\u00f6rre \u00e4n denna enkla lista, framtiden f\u00e5r utvisa resultatet. Ljusdal 2023 Eskilstuna 2019 \/ 2022<\/p>\n","protected":false},"author":1,"featured_media":0,"parent":0,"menu_order":0,"comment_status":"closed","ping_status":"closed","template":"","meta":{"footnotes":""},"class_list":{"0":"post-11","1":"page","2":"type-page","3":"status-publish","5":"no-featured-image-padding"},"_links":{"self":[{"href":"https:\/\/www.sverige360.se\/index.php\/wp-json\/wp\/v2\/pages\/11","targetHints":{"allow":["GET"]}}],"collection":[{"href":"https:\/\/www.sverige360.se\/index.php\/wp-json\/wp\/v2\/pages"}],"about":[{"href":"https:\/\/www.sverige360.se\/index.php\/wp-json\/wp\/v2\/types\/page"}],"author":[{"embeddable":true,"href":"https:\/\/www.sverige360.se\/index.php\/wp-json\/wp\/v2\/users\/1"}],"replies":[{"embeddable":true,"href":"https:\/\/www.sverige360.se\/index.php\/wp-json\/wp\/v2\/comments?post=11"}],"version-history":[{"count":8,"href":"https:\/\/www.sverige360.se\/index.php\/wp-json\/wp\/v2\/pages\/11\/revisions"}],"predecessor-version":[{"id":510,"href":"https:\/\/www.sverige360.se\/index.php\/wp-json\/wp\/v2\/pages\/11\/revisions\/510"}],"wp:attachment":[{"href":"https:\/\/www.sverige360.se\/index.php\/wp-json\/wp\/v2\/media?parent=11"}],"curies":[{"name":"wp","href":"https:\/\/api.w.org\/{rel}","templated":true}]}}